{"id":4,"date":"2013-12-10T15:35:41","date_gmt":"2013-12-10T15:35:41","guid":{"rendered":"http:\/\/bdsar.com.br\/site\/?page_id=4"},"modified":"2022-10-04T16:15:42","modified_gmt":"2022-10-04T16:15:42","slug":"empresas","status":"publish","type":"page","link":"https:\/\/bdsar.com.br\/site\/empresas\/","title":{"rendered":"Empresa"},"content":{"rendered":"<p>[et_pb_section fb_built=&#8221;1&#8243; admin_label=&#8221;Workshops Area&#8221; _builder_version=&#8221;4.16&#8243; use_background_color_gradient=&#8221;on&#8221; background_color_gradient_direction=&#8221;-90deg&#8221; background_color_gradient_stops=&#8221;rgba(247,247,247,0.84) 0%|#e5e5e5 73%&#8221; background_color_gradient_overlays_image=&#8221;on&#8221; background_color_gradient_start=&#8221;rgba(247,247,247,0.84)&#8221; background_color_gradient_end=&#8221;#e5e5e5&#8243; background_color_gradient_end_position=&#8221;73%&#8221; background_image=&#8221;https:\/\/bdsar.com.br\/site\/wp-content\/uploads\/2014\/02\/Fachada-Rearsul.jpg&#8221; custom_padding=&#8221;90px||127px|||&#8221; global_colors_info=&#8221;{}&#8221;][et_pb_row _builder_version=&#8221;4.16&#8243; custom_margin=&#8221;|||&#8221; locked=&#8221;off&#8221; global_colors_info=&#8221;{}&#8221;][et_pb_column type=&#8221;4_4&#8243; _builder_version=&#8221;4.16&#8243; custom_padding=&#8221;|||&#8221; global_colors_info=&#8221;{}&#8221; custom_padding__hover=&#8221;|||&#8221;][et_pb_text admin_label=&#8221;Title&#8221; _builder_version=&#8221;4.16&#8243; text_font=&#8221;||||||||&#8221; header_font=&#8221;||||||||&#8221; header_text_color=&#8221;#223f99&#8243; header_line_height=&#8221;1.4em&#8221; header_2_font=&#8221;Poppins|600|||||||&#8221; header_2_text_align=&#8221;center&#8221; header_2_text_color=&#8221;#223f99&#8243; header_2_font_size=&#8221;36px&#8221; header_2_line_height=&#8221;1.4em&#8221; header_3_line_height=&#8221;1.4em&#8221; header_4_line_height=&#8221;1.4em&#8221; header_5_line_height=&#8221;1.4em&#8221; header_6_line_height=&#8221;1.4em&#8221; custom_margin=&#8221;||0px|&#8221; animation_style=&#8221;fade&#8221; global_colors_info=&#8221;{}&#8221;]<\/p>\n<h2>Sobre a BDS Ar Condicionado<\/h2>\n<p>[\/et_pb_text][et_pb_divider color=&#8221;#223f99&#8243; divider_position=&#8221;center&#8221; divider_weight=&#8221;3px&#8221; _builder_version=&#8221;4.16&#8243; max_width=&#8221;50px&#8221; module_alignment=&#8221;center&#8221; animation_style=&#8221;slide&#8221; animation_direction=&#8221;top&#8221; animation_intensity_slide=&#8221;10%&#8221; animation_starting_opacity=&#8221;100%&#8221; global_colors_info=&#8221;{}&#8221;][\/et_pb_divider][\/et_pb_column][\/et_pb_row][et_pb_row admin_label=&#8221;Workshops&#8221; _builder_version=&#8221;4.16&#8243; use_custom_width=&#8221;on&#8221; locked=&#8221;off&#8221; global_colors_info=&#8221;{}&#8221;][et_pb_column type=&#8221;4_4&#8243; _builder_version=&#8221;4.16&#8243; background_enable_color=&#8221;off&#8221; custom_padding=&#8221;|||&#8221; global_colors_info=&#8221;{}&#8221; custom_padding__hover=&#8221;|||&#8221;][et_pb_text _builder_version=&#8221;4.18.0&#8243; text_font=&#8221;Poppins||||||||&#8221; text_text_color=&#8221;#939393&#8243; text_font_size=&#8221;18px&#8221; text_line_height=&#8221;1.8em&#8221; link_font=&#8221;||||on|||#fdb467|dotted&#8221; link_text_color=&#8221;rgba(0,0,0,0.6)&#8221; text_orientation=&#8221;center&#8221; module_alignment=&#8221;center&#8221; custom_margin=&#8221;1px|||||&#8221; custom_padding=&#8221;|3px||||&#8221; animation_style=&#8221;fade&#8221; hover_enabled=&#8221;0&#8243; locked=&#8221;off&#8221; global_colors_info=&#8221;{}&#8221; sticky_enabled=&#8221;0&#8243;]<\/p>\n<p>A BDS foi fundada no in\u00edcio da d\u00e9cada de 1990, na cidade de Porto\u00a0Alegre, com uni\u00e3o de tr\u00eas s\u00f3cios que vislumbraram a oportunidade de\u00a0focar a ampla experi\u00eancia em climatiza\u00e7\u00e3o, conforto e qualidade do ar\u00a0em empreendimentos de m\u00e9dio a grande porte, com exig\u00eancias em\u00a0sistemas especiais.<\/p>\n<p>A principal \u00e1rea de atua\u00e7\u00e3o \u00e9 em Sistemas de Ar Condicionado\u00a0Central \u2013 abrangendo instala\u00e7\u00f5es e manuten\u00e7\u00f5es que exigem conhecimento, tecnologia, controle e inova\u00e7\u00e3o. S\u00e3o os chamados\u00a0Sistemas Especiais de Climatiza\u00e7\u00e3o e Sistemas de Controles Eletr\u00f4nicos, como Telefonia, Data Center, Shoppings Centers,\u00a0Complexos Hospitalares e Laboratoriais, Rede Supermercadista, Rede\u00a0Hoteleira, Complexo Comercial, Residencial e Mall.<\/p>\n<p>\u00c9 credenciada \u00e0 Midea Carrier, sendo revendedora e instaladora da\u00a0l\u00edder mundial em fabrica\u00e7\u00e3o de equipamentos. Uma parceria de tanto\u00a0sucesso que rendeu, em 1997 e 1998, pr\u00eamio destaque em Paris\/FR\u00a0pela qualidade do servi\u00e7o prestado, e em 2016 na cidade de Las\u00a0Vegas\/EUA, pela brilhante divulga\u00e7\u00e3o da marca Midea Carrier na\u00a0Am\u00e9rica Latina.<\/p>\n<p>Em 2020 a BDS foi convidada a participar do grupo seleto de\u00a0associados da Smacna Inc. e Smacna Brasil, as quais agregam em\u00a0seu quadro de associados somente empresas renomadas do Setor de\u00a0HVAC.<\/p>\n<p>&nbsp;<\/p>\n<p style=\"font-weight: 400;\"><span>\u200b<\/span>Em 2022 a BDS recebeu o Pr\u00eamio &#8220;Destaques do Ano\u00a0<span style=\"text-decoration: underline;\"><strong><a href=\"https:\/\/www.linkedin.com\/company\/smacnabrasil\/\" data-saferedirecturl=\"https:\/\/www.google.com\/url?q=https:\/\/www.linkedin.com\/company\/smacnabrasil\/&amp;source=gmail&amp;ust=1664986114499000&amp;usg=AOvVaw0UwfTIogZ8GGIBOmmD8a9y\">SMACNA Brasil<\/a><\/strong><\/span>\u00a02022&#8243; pela Obra\u00a0<span style=\"text-decoration: underline;\"><strong><a href=\"https:\/\/www.linkedin.com\/company\/parqueacquamotion\/\" data-saferedirecturl=\"https:\/\/www.google.com\/url?q=https:\/\/www.linkedin.com\/company\/parqueacquamotion\/&amp;source=gmail&amp;ust=1664986114499000&amp;usg=AOvVaw1Lj6TpApUZrKc-I1wBNqZx\">Acquamotion<\/a><\/strong><\/span>\u00a0Gramado, o maior parque aqu\u00e1tico coberto da Am\u00e9rica Latina e o \u00fanico coberto e tem\u00e1tico do Brasil.<\/p>\n<p style=\"font-weight: 400;\">Essa premia\u00e7\u00e3o \u00e9 promovida em \u00e2mbito Nacional atrav\u00e9s do reconhecimento dos m\u00e9ritos t\u00e9cnicos dos melhores trabalhos de engenharia termoambiental do ano, al\u00e9m de atentar aos requisitos de preserva\u00e7\u00e3o do meio ambiente e de efici\u00eancia energ\u00e9tica.<\/p>\n<p>[\/et_pb_text][\/et_pb_column][\/et_pb_row][\/et_pb_section][et_pb_section fb_built=&#8221;1&#8243; admin_label=&#8221;About Section&#8221; _builder_version=&#8221;4.16&#8243; custom_padding=&#8221;0px||0px|&#8221; global_colors_info=&#8221;{}&#8221;][et_pb_row column_structure=&#8221;1_2,1_2&#8243; use_custom_gutter=&#8221;on&#8221; gutter_width=&#8221;0&#8243; make_equal=&#8221;on&#8221; admin_label=&#8221;About Area&#8221; _builder_version=&#8221;4.16&#8243; width=&#8221;100%&#8221; max_width=&#8221;100%&#8221; custom_padding=&#8221;0px||0px|&#8221; use_custom_width=&#8221;on&#8221; width_unit=&#8221;off&#8221; custom_width_percent=&#8221;100%&#8221; global_colors_info=&#8221;{}&#8221;][et_pb_column type=&#8221;1_2&#8243; _builder_version=&#8221;4.16&#8243; background_color=&#8221;#3e4095&#8243; background_enable_color=&#8221;off&#8221; use_background_color_gradient=&#8221;on&#8221; background_color_gradient_direction=&#8221;90deg&#8221; background_color_gradient_stops=&#8221;rgba(34,63,153,0.7) 0%|#223f99 56%&#8221; background_color_gradient_overlays_image=&#8221;on&#8221; background_color_gradient_start=&#8221;rgba(34,63,153,0.7)&#8221; background_color_gradient_end=&#8221;#223f99&#8243; background_color_gradient_end_position=&#8221;56%&#8221; background_image=&#8221;https:\/\/bdsar.com.br\/site\/wp-content\/uploads\/2013\/12\/OBRA-BEIRA-RIO-1.jpg&#8221; custom_padding=&#8221;7%|5%|7%|5%|false|false&#8221; custom_padding_tablet=&#8221;20%||20%||true|false&#8221; custom_padding_phone=&#8221;30%|5%|30%|5%|true|false&#8221; custom_padding_last_edited=&#8221;on|desktop&#8221; global_colors_info=&#8221;{}&#8221; custom_padding__hover=&#8221;|||&#8221;][et_pb_text admin_label=&#8221;Title&#8221; _builder_version=&#8221;4.16&#8243; text_font=&#8221;||||||||&#8221; header_font=&#8221;||||||||&#8221; header_line_height=&#8221;1.4em&#8221; header_2_font=&#8221;Poppins|600|||||||&#8221; header_2_text_align=&#8221;center&#8221; header_2_font_size=&#8221;30px&#8221; header_2_line_height=&#8221;1.4em&#8221; header_3_line_height=&#8221;1.4em&#8221; header_4_line_height=&#8221;1.4em&#8221; header_5_line_height=&#8221;1.4em&#8221; header_6_line_height=&#8221;1.4em&#8221; text_orientation=&#8221;center&#8221; background_layout=&#8221;dark&#8221; max_width=&#8221;550px&#8221; module_alignment=&#8221;center&#8221; custom_margin=&#8221;||0px|&#8221; custom_padding=&#8221;|||&#8221; animation_style=&#8221;fade&#8221; animation_direction=&#8221;top&#8221; header_2_font_size_tablet=&#8221;&#8221; header_2_font_size_phone=&#8221;&#8221; header_2_font_size_last_edited=&#8221;on|desktop&#8221; global_colors_info=&#8221;{}&#8221;]<\/p>\n<h2>Equipe e Qualidade.<\/h2>\n<p>[\/et_pb_text][et_pb_divider color=&#8221;#ffffff&#8221; divider_position=&#8221;center&#8221; divider_weight=&#8221;3px&#8221; _builder_version=&#8221;4.16&#8243; max_width=&#8221;50px&#8221; module_alignment=&#8221;center&#8221; animation_style=&#8221;slide&#8221; animation_direction=&#8221;top&#8221; animation_intensity_slide=&#8221;10%&#8221; animation_starting_opacity=&#8221;100%&#8221; global_colors_info=&#8221;{}&#8221;][\/et_pb_divider][et_pb_text _builder_version=&#8221;4.16&#8243; text_font=&#8221;Poppins||||||||&#8221; text_text_color=&#8221;#ffffff&#8221; text_font_size=&#8221;18px&#8221; text_line_height=&#8221;1.8em&#8221; text_orientation=&#8221;center&#8221; max_width=&#8221;570px&#8221; module_alignment=&#8221;center&#8221; custom_margin=&#8221;25px|||&#8221; animation_style=&#8221;fade&#8221; global_colors_info=&#8221;{}&#8221;]<\/p>\n<p>A BDS oferece toda a estrutura necess\u00e1ria, desde o in\u00edcio do projeto at\u00e9 a sua concretiza\u00e7\u00e3o, para que os clientes tenham plena satisfa\u00e7\u00e3o do trabalho desenvolvido.<\/p>\n<p>Para isso, possui um Departamento de Engenharia com ampla experi\u00eancia, na qual efetua um estudo completo e personalizado para a instala\u00e7\u00e3o dos equipamentos de acordo com a necessidade de cada cliente. O acompanhamento abrange o projeto, com sua viabilidade t\u00e9cnica, econ\u00f4mica e ambiental, a execu\u00e7\u00e3o e a entrega final da obra.<\/p>\n<p>[\/et_pb_text][\/et_pb_column][et_pb_column type=&#8221;1_2&#8243; _builder_version=&#8221;4.16&#8243; background_color=&#8221;#4f57c6&#8243; background_enable_color=&#8221;off&#8221; use_background_color_gradient=&#8221;on&#8221; background_color_gradient_direction=&#8221;90deg&#8221; background_color_gradient_stops=&#8221;rgba(0,175,240,0.81) 0%|#00aff0 58%&#8221; background_color_gradient_overlays_image=&#8221;on&#8221; background_color_gradient_start=&#8221;rgba(0,175,240,0.81)&#8221; background_color_gradient_end=&#8221;#00aff0&#8243; background_color_gradient_end_position=&#8221;58%&#8221; background_image=&#8221;https:\/\/bdsar.com.br\/site\/wp-content\/uploads\/2013\/12\/OBRA-BEIRA-RIO-e1392908507951.jpg&#8221; custom_padding=&#8221;7%|5%|7%|5%|false|false&#8221; custom_padding_tablet=&#8221;20%||20%||true|false&#8221; custom_padding_phone=&#8221;30%|5%|30%|5%|true|false&#8221; custom_padding_last_edited=&#8221;on|desktop&#8221; global_colors_info=&#8221;{}&#8221; custom_padding__hover=&#8221;|||&#8221;][et_pb_text admin_label=&#8221;Title&#8221; _builder_version=&#8221;4.16&#8243; text_font=&#8221;||||||||&#8221; header_font=&#8221;||||||||&#8221; header_line_height=&#8221;1.4em&#8221; header_2_font=&#8221;Poppins|600|||||||&#8221; header_2_text_align=&#8221;center&#8221; header_2_font_size=&#8221;30px&#8221; header_2_line_height=&#8221;1.4em&#8221; header_3_line_height=&#8221;1.4em&#8221; header_4_line_height=&#8221;1.4em&#8221; header_5_line_height=&#8221;1.4em&#8221; header_6_line_height=&#8221;1.4em&#8221; text_orientation=&#8221;center&#8221; background_layout=&#8221;dark&#8221; max_width=&#8221;550px&#8221; module_alignment=&#8221;center&#8221; custom_margin=&#8221;||0px|&#8221; custom_padding=&#8221;|||&#8221; animation_style=&#8221;fade&#8221; animation_direction=&#8221;top&#8221; header_2_font_size_tablet=&#8221;&#8221; header_2_font_size_phone=&#8221;&#8221; header_2_font_size_last_edited=&#8221;on|desktop&#8221; global_colors_info=&#8221;{}&#8221;]<\/p>\n<h2>Pioneirismo e Tecnologia.<\/h2>\n<p>[\/et_pb_text][et_pb_divider color=&#8221;#ffffff&#8221; divider_position=&#8221;center&#8221; divider_weight=&#8221;3px&#8221; _builder_version=&#8221;4.16&#8243; max_width=&#8221;50px&#8221; module_alignment=&#8221;center&#8221; animation_style=&#8221;slide&#8221; animation_direction=&#8221;top&#8221; animation_intensity_slide=&#8221;10%&#8221; animation_starting_opacity=&#8221;100%&#8221; global_colors_info=&#8221;{}&#8221;][\/et_pb_divider][et_pb_text _builder_version=&#8221;4.16&#8243; text_font=&#8221;Poppins||||||||&#8221; text_text_color=&#8221;#ffffff&#8221; text_font_size=&#8221;18px&#8221; text_line_height=&#8221;1.8em&#8221; text_orientation=&#8221;center&#8221; max_width=&#8221;570px&#8221; module_alignment=&#8221;center&#8221; custom_margin=&#8221;25px|||&#8221; animation_style=&#8221;fade&#8221; global_colors_info=&#8221;{}&#8221;]<\/p>\n<p>Em 2013, a BDS foi pioneira no projeto e execu\u00e7\u00e3o da instala\u00e7\u00e3o do equipamento MDV4+R, da marca Midea, na Am\u00e9rica Latina. Esse modelo consiste em um sistema VRF com refrigera\u00e7\u00e3o e aquecimento simult\u00e2neos para grandes instala\u00e7\u00f5es. Essa nova tecnologia, trazida ao Brasil pelos chineses, foi implantada pela BDS Ar Condicionado no est\u00e1dio BEIRA-RIO, sede ga\u00facha para a Copa do Mundo de 2014.<\/p>\n<p>A not\u00edcia dessa instala\u00e7\u00e3o grandiosa no Brasil teve repercuss\u00e3o mundial e foi reconhecida pela Midea Carrier como uma das principais conquistas nos \u00faltimos anos.<\/p>\n<p>[\/et_pb_text][\/et_pb_column][\/et_pb_row][\/et_pb_section]<\/p>\n","protected":false},"excerpt":{"rendered":"<p>Sobre a BDS Ar CondicionadoA BDS foi fundada no in\u00edcio da d\u00e9cada de 1990, na cidade de Porto\u00a0Alegre, com uni\u00e3o de tr\u00eas s\u00f3cios que vislumbraram a oportunidade de\u00a0focar a ampla experi\u00eancia em climatiza\u00e7\u00e3o, conforto e qualidade do ar\u00a0em empreendimentos de m\u00e9dio a grande porte, com exig\u00eancias em\u00a0sistemas especiais. A principal \u00e1rea de atua\u00e7\u00e3o \u00e9 em [&hellip;]<\/p>\n","protected":false},"author":1,"featured_media":0,"parent":0,"menu_order":2,"comment_status":"open","ping_status":"open","template":"","meta":{"_et_pb_use_builder":"on","_et_pb_old_content":"<p style=\"text-align: justify;\">A\u00a0BDS <img class=\"wp-image-1098  alignleft\" src=\"http:\/\/bdsar.com.br\/site\/wp-content\/uploads\/2013\/12\/Logo-Rearsul_BDS-300x300.jpg\" alt=\"Logo Rearsul_BDS\" width=\"179\" height=\"179\" \/>Ar Condicionado Ltda foi fundada em 1993,<span class=\"apple-converted-space\">\u00a0<\/span>na cidade de Porto Alegre, atrav\u00e9s da uni\u00e3o de tr\u00eas s\u00f3cios com ampla experi\u00eancia em climatiza\u00e7\u00e3o. A principal \u00e1rea de atua\u00e7\u00e3o \u00e9 em\u00a0Sistemas de Ar Condicionado Central \u2013 abrangendo instala\u00e7\u00f5es de m\u00e9dio a grande porte. Atende preferencialmente \u00e1reas que contenham Sistemas Especiais de Climatiza\u00e7\u00e3o e Sistemas de Controles Eletr\u00f4nicos, como Telefonia, Data Center, Shoppings Centers, Complexos Hospitalares e Laboratoriais.<\/p>\r\n<p style=\"text-align: justify;\"><span style=\"font-size: 10.0pt; font-family: 'Georgia','serif'; color: #333333;\">\u00c9 credenciada \u00e0 Springer Carrier, sendo revendedora e instaladora da l\u00edder mundial em fabrica\u00e7\u00e3o de equipamentos. Uma parceria de tanto sucesso que rendeu, em 1997 e 1998, pr\u00eamio destaque em Paris\/FR pela qualidade do servi\u00e7o prestado, e em 2016 na cidade de Las Vegas\/EUA, pela brilhante divulga\u00e7\u00e3o da marca Midea Carrier na Am\u00e9rica Latina.<\/span><\/p>\r\n<strong>EQUIPE E QUALIDADE<\/strong>\r\n\r\n<a href=\"http:\/\/bdsar.com.br\/site\/wp-content\/uploads\/2013\/12\/OBRA-BEIRA-RIO-1.jpg\"><img class=\"wp-image-472  alignright\" src=\"http:\/\/bdsar.com.br\/site\/wp-content\/uploads\/2013\/12\/OBRA-BEIRA-RIO-1-300x225.jpg\" alt=\"OBRA BEIRA RIO 1\" width=\"198\" height=\"149\" \/><\/a>\r\n<p style=\"text-align: justify;\">A BDS oferece toda a estrutura necess\u00e1ria, desde o in\u00edcio do projeto at\u00e9 a sua concretiza\u00e7\u00e3o, para que os clientes tenham plena satisfa\u00e7\u00e3o do trabalho desenvolvido.<\/p>\r\n<p style=\"text-align: justify;\">Para isso, possui um Departamento de Engenharia com ampla experi\u00eancia, na qual efetua um estudo completo e personalizado para a instala\u00e7\u00e3o dos equipamentos de acordo com a necessidade de cada cliente. O acompanhamento abrange o projeto, com sua viabilidade t\u00e9cnica, econ\u00f4mica e ambiental, a execu\u00e7\u00e3o e a entrega final da obra.<\/p>\r\n&nbsp;\r\n<p style=\"text-align: justify;\"><strong>PIONEIRISMO E TECNOLOGIA<\/strong><\/p>\r\n<p style=\"text-align: justify;\"><img class=\"wp-image-473 alignright\" src=\"http:\/\/bdsar.com.br\/site\/wp-content\/uploads\/2013\/12\/OBRA-BEIRA-RIO-300x225.jpg\" alt=\"OBRA BEIRA RIO\" width=\"199\" height=\"149\" \/>Em 2013, a BDS foi pioneira no projeto e execu\u00e7\u00e3o da instala\u00e7\u00e3o do equipamento MDV4+R, da marca Midea, na Am\u00e9rica Latina. Esse modelo consiste em um sistema VRF com refrigera\u00e7\u00e3o e aquecimento simult\u00e2neos para grandes instala\u00e7\u00f5es. Essa nova tecnologia, trazida ao Brasil pelos chineses, foi implantada pela BDS Ar Condicionado no est\u00e1dio BEIRA-RIO, sede ga\u00facha para a Copa do Mundo de 2014.<\/p>\r\n<p style=\"text-align: justify;\">A not\u00edcia dessa instala\u00e7\u00e3o grandiosa no Brasil teve repercuss\u00e3o mundial e foi reconhecida pela Midea Carrier como uma das principais conquistas nos \u00faltimos anos.<\/p>","_et_gb_content_width":"","footnotes":""},"_links":{"self":[{"href":"https:\/\/bdsar.com.br\/site\/wp-json\/wp\/v2\/pages\/4"}],"collection":[{"href":"https:\/\/bdsar.com.br\/site\/wp-json\/wp\/v2\/pages"}],"about":[{"href":"https:\/\/bdsar.com.br\/site\/wp-json\/wp\/v2\/types\/page"}],"author":[{"embeddable":true,"href":"https:\/\/bdsar.com.br\/site\/wp-json\/wp\/v2\/users\/1"}],"replies":[{"embeddable":true,"href":"https:\/\/bdsar.com.br\/site\/wp-json\/wp\/v2\/comments?post=4"}],"version-history":[{"count":66,"href":"https:\/\/bdsar.com.br\/site\/wp-json\/wp\/v2\/pages\/4\/revisions"}],"predecessor-version":[{"id":2293,"href":"https:\/\/bdsar.com.br\/site\/wp-json\/wp\/v2\/pages\/4\/revisions\/2293"}],"wp:attachment":[{"href":"https:\/\/bdsar.com.br\/site\/wp-json\/wp\/v2\/media?parent=4"}],"curies":[{"name":"wp","href":"https:\/\/api.w.org\/{rel}","templated":true}]}}